{"id":8,"date":"2021-05-23T00:52:54","date_gmt":"2021-05-22T22:52:54","guid":{"rendered":"http:\/\/psychologues74.fr\/?page_id=8"},"modified":"2023-12-04T20:45:17","modified_gmt":"2023-12-04T19:45:17","slug":"contact","status":"publish","type":"page","link":"https:\/\/psychologues74.fr\/index.php\/contact\/","title":{"rendered":"Le Conseil d&rsquo;Administration"},"content":{"rendered":"\n<p>Le conseil d&rsquo;administration de <strong><em>Psychologues 74<\/em><\/strong> est compos\u00e9 de 12 si\u00e8ges (6 Administrateurs et 6 Consultants) :<\/p>\n\n\n\n<h5 class=\"wp-block-heading\">Les Administrateurs :<\/h5>\n\n\n\n<ul class=\"wp-block-list\">\n<li>Pr\u00e9sident : St\u00e9phane Foussier (Psychologue).<\/li>\n<\/ul>\n\n\n\n<ul class=\"wp-block-list\">\n<li>Vice-pr\u00e9sidente : D\u00e9borah Hamel &amp; Iris Lavorel (Psychologues).<\/li>\n<\/ul>\n\n\n\n<ul class=\"wp-block-list\">\n<li>Secr\u00e9taire g\u00e9n\u00e9rale : Iris Lavorel (Psychologue).<\/li>\n<\/ul>\n\n\n\n<ul class=\"wp-block-list\">\n<li>Secr\u00e9taire adjointe : (poste \u00e0 pourvoir).<\/li>\n<\/ul>\n\n\n\n<ul class=\"wp-block-list\">\n<li>Tr\u00e9sorier principal : D\u00e9borah Hamel (Psychologue).<\/li>\n<\/ul>\n\n\n\n<ul class=\"wp-block-list\">\n<li>Tr\u00e9sori\u00e8re adjointe : (poste \u00e0 pourvoir).<\/li>\n<\/ul>\n\n\n\n<h5 class=\"wp-block-heading\">Les Consultants :<\/h5>\n\n\n\n<ul class=\"wp-block-list\">\n<li>Commission d\u00e9partementale consultative \u00ab\u00a0Ethique et d\u00e9ontologie\u00a0\u00bb : Mathilde Pomerance (psychologue).<\/li>\n<\/ul>\n\n\n\n<ul class=\"wp-block-list\">\n<li>Commission d\u00e9partementale consultative \u00ab\u00a0Recherche et formation\u00a0\u00bb : Ad\u00e9la\u00efde Sixdenier (Psychologue).<\/li>\n<\/ul>\n\n\n\n<ul class=\"wp-block-list\">\n<li>Commission d\u00e9partementale consultative \u00ab\u00a0Expertise\u00a0\u00bb : Claude-Antoine Vergoz (Psychologue).<\/li>\n<\/ul>\n\n\n\n<ul class=\"wp-block-list\">\n<li>Commission d\u00e9partementale consultative \u00ab\u00a0Protection des droits de la personne\u00a0\u00bb : (Poste \u00e0 pourvoir).<\/li>\n<\/ul>\n\n\n\n<ul class=\"wp-block-list\">\n<li>Commission d\u00e9partementale consultative \u00ab\u00a0Communication\u00a0\u00bb : (Poste \u00e0 pourvoir).<\/li>\n<\/ul>\n\n\n\n<ul class=\"wp-block-list\">\n<li>Commission d\u00e9partementale consultative \u00ab\u00a0Intervisions\u00a0\u00bb : (Poste \u00e0 pourvoir).<\/li>\n<\/ul>\n","protected":false},"excerpt":{"rendered":"<p>Le conseil d&rsquo;administration de Psychologues 74 est compos\u00e9 de 12 si\u00e8ges (6 Administrateurs et 6 Consultants) : Les Administrateurs : Les Consultants :<\/p>\n","protected":false},"author":1,"featured_media":0,"parent":0,"menu_order":0,"comment_status":"closed","ping_status":"closed","template":"","meta":{"footnotes":""},"class_list":["post-8","page","type-page","status-publish","hentry"],"_links":{"self":[{"href":"https:\/\/psychologues74.fr\/index.php\/wp-json\/wp\/v2\/pages\/8","targetHints":{"allow":["GET"]}}],"collection":[{"href":"https:\/\/psychologues74.fr\/index.php\/wp-json\/wp\/v2\/pages"}],"about":[{"href":"https:\/\/psychologues74.fr\/index.php\/wp-json\/wp\/v2\/types\/page"}],"author":[{"embeddable":true,"href":"https:\/\/psychologues74.fr\/index.php\/wp-json\/wp\/v2\/users\/1"}],"replies":[{"embeddable":true,"href":"https:\/\/psychologues74.fr\/index.php\/wp-json\/wp\/v2\/comments?post=8"}],"version-history":[{"count":15,"href":"https:\/\/psychologues74.fr\/index.php\/wp-json\/wp\/v2\/pages\/8\/revisions"}],"predecessor-version":[{"id":255,"href":"https:\/\/psychologues74.fr\/index.php\/wp-json\/wp\/v2\/pages\/8\/revisions\/255"}],"wp:attachment":[{"href":"https:\/\/psychologues74.fr\/index.php\/wp-json\/wp\/v2\/media?parent=8"}],"curies":[{"name":"wp","href":"https:\/\/api.w.org\/{rel}","templated":true}]}}